{"id":1651,"date":"2021-02-16T15:59:05","date_gmt":"2021-02-16T14:59:05","guid":{"rendered":"https:\/\/sirenenbau-fischer.de\/siren-construction\/"},"modified":"2021-02-23T11:04:39","modified_gmt":"2021-02-23T10:04:39","slug":"siren-construction","status":"publish","type":"page","link":"https:\/\/sirenenbau-fischer.de\/en\/siren-construction\/","title":{"rendered":"Siren construction"},"content":{"rendered":"<p><div class=\"fusion-fullwidth fullwidth-box fusion-builder-row-1 nonhundred-percent-fullwidth non-hundred-percent-height-scrolling\" style=\"--awb-background-position:left top;--awb-border-sizes-top:0px;--awb-border-sizes-bottom:0px;--awb-border-sizes-left:0px;--awb-border-sizes-right:0px;--awb-border-radius-top-left:0px;--awb-border-radius-top-right:0px;--awb-border-radius-bottom-right:0px;--awb-border-radius-bottom-left:0px;--awb-padding-top:50px;--awb-padding-bottom:0px;--awb-flex-wrap:wrap;\" ><div class=\"fusion-builder-row fusion-row\"><div class=\"fusion-layout-column fusion_builder_column fusion-builder-column-0 fusion_builder_column_1_1 1_1 fusion-one-full fusion-column-first fusion-column-last\" style=\"--awb-bg-size:cover;\"><div class=\"fusion-column-wrapper fusion-flex-column-wrapper-legacy\"><div class=\"fusion-text fusion-text-1\"><p><span style=\"font-size: 20px; line-height: 26px; color: #ff6b00;\">As a manufacturer, Siren Construction Fischer is your competent partner for the planning, installation, repair, modernisation and maintenance of siren systems and control systems. We project complete alarm systems and control centres, adapted to your specific on-site conditions &#8211; and always striving for economical solutions.<\/span><\/p>\n<\/div><div class=\"fusion-clearfix\"><\/div><\/div><\/div><\/div><\/div><div class=\"fusion-fullwidth fullwidth-box fusion-builder-row-2 nonhundred-percent-fullwidth non-hundred-percent-height-scrolling\" style=\"--awb-background-position:left top;--awb-border-sizes-top:0px;--awb-border-sizes-bottom:0px;--awb-border-sizes-left:0px;--awb-border-sizes-right:0px;--awb-border-radius-top-left:0px;--awb-border-radius-top-right:0px;--awb-border-radius-bottom-right:0px;--awb-border-radius-bottom-left:0px;--awb-padding-top:0px;--awb-padding-bottom:20px;--awb-flex-wrap:wrap;\" ><div class=\"fusion-builder-row fusion-row\"><div class=\"fusion-layout-column fusion_builder_column fusion-builder-column-1 fusion_builder_column_1_2 1_2 fusion-one-half fusion-column-first\" style=\"--awb-bg-size:cover;width:48%; margin-right: 4%;\"><div class=\"fusion-column-wrapper fusion-flex-column-wrapper-legacy\"><div class=\"fusion-text fusion-text-2\"><h2>Services<\/h2>\n<\/div><ul style=\"--awb-size:16px;--awb-iconcolor:#ff6b00;--awb-line-height:27.2px;--awb-icon-width:27.2px;--awb-icon-height:27.2px;--awb-icon-margin:11.2px;--awb-content-margin:38.4px;\" class=\"fusion-checklist fusion-checklist-1 fusion-checklist-default type-icons\"><li class=\"fusion-li-item\" style=\"\"><span class=\"icon-wrapper circle-no\"><i class=\"fusion-li-icon fa fa-check\" aria-hidden=\"true\"><\/i><\/span><div class=\"fusion-li-item-content\">Overhaul of E57 siren systems<\/div><\/li><li class=\"fusion-li-item\" style=\"\"><span class=\"icon-wrapper circle-no\"><i class=\"fusion-li-icon fa fa-check\" aria-hidden=\"true\"><\/i><\/span><div class=\"fusion-li-item-content\">Control cabinet construction and switching technology for E57 motor sirens and older GDR sirens<\/div><\/li><li class=\"fusion-li-item\" style=\"\"><span class=\"icon-wrapper circle-no\"><i class=\"fusion-li-icon fa fa-check\" aria-hidden=\"true\"><\/i><\/span><div class=\"fusion-li-item-content\">Installation of electronic sirens &#8211; also including loudspeaker function Siren<\/div><\/li><li class=\"fusion-li-item\" style=\"\"><span class=\"icon-wrapper circle-no\"><i class=\"fusion-li-icon fa fa-check\" aria-hidden=\"true\"><\/i><\/span><div class=\"fusion-li-item-content\">installation service Europe-wide<\/div><\/li><li class=\"fusion-li-item\" style=\"\"><span class=\"icon-wrapper circle-no\"><i class=\"fusion-li-icon fa fa-check\" aria-hidden=\"true\"><\/i><\/span><div class=\"fusion-li-item-content\">Maintenance service Europe-wide<\/div><\/li><li class=\"fusion-li-item\" style=\"\"><span class=\"icon-wrapper circle-no\"><i class=\"fusion-li-icon fa fa-check\" aria-hidden=\"true\"><\/i><\/span><div class=\"fusion-li-item-content\">Motor repair for siren motors<\/div><\/li><li class=\"fusion-li-item\" style=\"\"><span class=\"icon-wrapper circle-no\"><i class=\"fusion-li-icon fa fa-check\" aria-hidden=\"true\"><\/i><\/span><div class=\"fusion-li-item-content\">Siren canopies from our own development and production<\/div><\/li><li class=\"fusion-li-item\" style=\"\"><span class=\"icon-wrapper circle-no\"><i class=\"fusion-li-icon fa fa-check\" aria-hidden=\"true\"><\/i><\/span><div class=\"fusion-li-item-content\">Comprehensive spare parts supply for siren systems<\/div><\/li><li class=\"fusion-li-item\" style=\"\"><span class=\"icon-wrapper circle-no\"><i class=\"fusion-li-icon fa fa-check\" aria-hidden=\"true\"><\/i><\/span><div class=\"fusion-li-item-content\">Recommissioning of decommissioned sirens<\/div><\/li><li class=\"fusion-li-item\" style=\"\"><span class=\"icon-wrapper circle-no\"><i class=\"fusion-li-icon fa fa-check\" aria-hidden=\"true\"><\/i><\/span><div class=\"fusion-li-item-content\">Erection of mast sirens up to 16 m above ground level<\/div><\/li><li class=\"fusion-li-item\" style=\"\"><span class=\"icon-wrapper circle-no\"><i class=\"fusion-li-icon fa fa-check\" aria-hidden=\"true\"><\/i><\/span><div class=\"fusion-li-item-content\">Erection of floodlight masts<\/div><\/li><li class=\"fusion-li-item\" style=\"\"><span class=\"icon-wrapper circle-no\"><i class=\"fusion-li-icon fa fa-check\" aria-hidden=\"true\"><\/i><\/span><div class=\"fusion-li-item-content\">Erection of masts with a hoist ring as a hose drying system<\/div><\/li><li class=\"fusion-li-item\" style=\"\"><span class=\"icon-wrapper circle-no\"><i class=\"fusion-li-icon fa fa-check\" aria-hidden=\"true\"><\/i><\/span><div class=\"fusion-li-item-content\">Digitalisation of siren control receivers<\/div><\/li><li class=\"fusion-li-item\" style=\"\"><span class=\"icon-wrapper circle-no\"><i class=\"fusion-li-icon fa fa-check\" aria-hidden=\"true\"><\/i><\/span><div class=\"fusion-li-item-content\">Repair of siren control receivers FWE (telecontrol receivers)<\/div><\/li><li class=\"fusion-li-item\" style=\"\"><span class=\"icon-wrapper circle-no\"><i class=\"fusion-li-icon fa fa-check\" aria-hidden=\"true\"><\/i><\/span><div class=\"fusion-li-item-content\">Procurement of siren control receivers and radio technology of all kinds (BOS)<\/div><\/li><li class=\"fusion-li-item\" style=\"\"><span class=\"icon-wrapper circle-no\"><i class=\"fusion-li-icon fa fa-check\" aria-hidden=\"true\"><\/i><\/span><div class=\"fusion-li-item-content\">Dismantling of sirens and relocation of sirens to new locations<\/div><\/li><li class=\"fusion-li-item\" style=\"\"><span class=\"icon-wrapper circle-no\"><i class=\"fusion-li-icon fa fa-check\" aria-hidden=\"true\"><\/i><\/span><div class=\"fusion-li-item-content\">Erection of sirens on flat roofs or on high-rise building facades\/gables as external structures<\/div><\/li><li class=\"fusion-li-item\" style=\"\"><span class=\"icon-wrapper circle-no\"><i class=\"fusion-li-icon fa fa-check\" aria-hidden=\"true\"><\/i><\/span><div class=\"fusion-li-item-content\">Fischer siren trailers: production of flexibly deployable, mobile E57 sirens as well as electronic mobile sirens on trailers<\/div><\/li><li class=\"fusion-li-item\" style=\"\"><span class=\"icon-wrapper circle-no\"><i class=\"fusion-li-icon fa fa-check\" aria-hidden=\"true\"><\/i><\/span><div class=\"fusion-li-item-content\">Erection of guyed masts with trusses up to 20 kV<\/div><\/li><li class=\"fusion-li-item\" style=\"\"><span class=\"icon-wrapper circle-no\"><i class=\"fusion-li-icon fa fa-check\" aria-hidden=\"true\"><\/i><\/span><div class=\"fusion-li-item-content\">Erection of lattice towers and renovation of older or damaged lattice towers<\/div><\/li><li class=\"fusion-li-item\" style=\"\"><span class=\"icon-wrapper circle-no\"><i class=\"fusion-li-icon fa fa-check\" aria-hidden=\"true\"><\/i><\/span><div class=\"fusion-li-item-content\">Fabrication of lattice mast diagonals from crude steel<\/div><\/li><li class=\"fusion-li-item\" style=\"\"><span class=\"icon-wrapper circle-no\"><i class=\"fusion-li-icon fa fa-check\" aria-hidden=\"true\"><\/i><\/span><div class=\"fusion-li-item-content\">Crane service with mobile trailer cranes up to 45 m hook height<\/div><\/li><li class=\"fusion-li-item\" style=\"\"><span class=\"icon-wrapper circle-no\"><i class=\"fusion-li-icon fa fa-check\" aria-hidden=\"true\"><\/i><\/span><div class=\"fusion-li-item-content\">Lifting platform service up to 45 m working height (only with driver from Fischer Siren Construction + Alarm Systems)<\/div><\/li><li class=\"fusion-li-item\" style=\"\"><span class=\"icon-wrapper circle-no\"><i class=\"fusion-li-icon fa fa-check\" aria-hidden=\"true\"><\/i><\/span><div class=\"fusion-li-item-content\">Excavator service up to 31.6 t<\/div><\/li><li class=\"fusion-li-item\" style=\"\"><span class=\"icon-wrapper circle-no\"><i class=\"fusion-li-icon fa fa-check\" aria-hidden=\"true\"><\/i><\/span><div class=\"fusion-li-item-content\">Crawler excavator (over 11.5 t weight only with Siren Construction Fischer driver)<\/div><\/li><li class=\"fusion-li-item\" style=\"\"><span class=\"icon-wrapper circle-no\"><i class=\"fusion-li-icon fa fa-check\" aria-hidden=\"true\"><\/i><\/span><div class=\"fusion-li-item-content\">Assembly or disassembly even on parts of buildings that are difficult to reach and\/or at great heights<\/div><\/li><li class=\"fusion-li-item\" style=\"\"><span class=\"icon-wrapper circle-no\"><i class=\"fusion-li-icon fa fa-check\" aria-hidden=\"true\"><\/i><\/span><div class=\"fusion-li-item-content\">24-hour breakdown service and emergency service for siren systems<\/div><\/li><\/ul><div class=\"fusion-clearfix\"><\/div><\/div><\/div><div class=\"fusion-layout-column fusion_builder_column fusion-builder-column-2 fusion_builder_column_1_2 1_2 fusion-one-half fusion-column-last\" style=\"--awb-bg-size:cover;width:48%;\"><div class=\"fusion-column-wrapper fusion-flex-column-wrapper-legacy\"><div class=\"fusion-text fusion-text-3\"><h2>Siren location planning<\/h2>\n<\/div><div class=\"fusion-text fusion-text-4\"><p>Even before a new concept or modernisation of existing alarm systems, Siren Construction Fischer draws up a detailed sound reinforcement plan if required &#8211; in close consultation with the responsible authorities and decision-makers.<\/p>\n<p>In order to precisely map the individual geographical and urban planning conditions on site, we carry out detailed sound level measurements, the results of which are incorporated into our project planning. This is the only way to optimally plan siren locations and avoid gaps in the alerting network &#8211; but also costly mistakes in the form of an unfavourable or too close placement of new sirens.<\/p>\n<\/div><div class=\"fusion-image-element in-legacy-container\" style=\"--awb-caption-title-font-family:var(--h2_typography-font-family);--awb-caption-title-font-weight:var(--h2_typography-font-weight);--awb-caption-title-font-style:var(--h2_typography-font-style);--awb-caption-title-size:var(--h2_typography-font-size);--awb-caption-title-transform:var(--h2_typography-text-transform);--awb-caption-title-line-height:var(--h2_typography-line-height);--awb-caption-title-letter-spacing:var(--h2_typography-letter-spacing);\"><span class=\" fusion-imageframe imageframe-none imageframe-1 hover-type-none\"><img decoding=\"async\" width=\"750\" height=\"500\" alt=\"Sirenenbau Fischer Public address plan\" title=\"Sirenenbau Fischer Public address plan\" src=\"https:\/\/sirenenbau-fischer.de\/wp\/wp-content\/uploads\/2016\/02\/Fischer-Beschallungsplan.jpg\" class=\"img-responsive wp-image-1358\" srcset=\"https:\/\/sirenenbau-fischer.de\/wp\/wp-content\/uploads\/2016\/02\/Fischer-Beschallungsplan-300x200.jpg 300w, https:\/\/sirenenbau-fischer.de\/wp\/wp-content\/uploads\/2016\/02\/Fischer-Beschallungsplan.jpg 750w\" sizes=\"(max-width: 750px) 100vw, 750px\" \/><\/span><\/div><div class=\"fusion-sep-clear\"><\/div><div class=\"fusion-separator fusion-full-width-sep\" style=\"margin-left: auto;margin-right: auto;margin-top:40px;margin-bottom:20px;width:100%;\"><\/div><div class=\"fusion-sep-clear\"><\/div><div class=\"fusion-text fusion-text-5\"><h2>The future ist digital<\/h2>\n<\/div><div class=\"fusion-text fusion-text-6\"><p>In the siren sector, too, the signs are pointing to digitalisation. At Fischer Siren Construction + Alarm Systems, you can obtain cost-effective solutions for a future-proof modernisation of your existing siren system or alarm system, whether in urban or rural areas.<\/p>\n<p>We will be happy to provide you with an individual offer to make your existing system fit for the future!<\/p>\n<\/div><div class=\"fusion-image-element in-legacy-container\" style=\"--awb-caption-title-font-family:var(--h2_typography-font-family);--awb-caption-title-font-weight:var(--h2_typography-font-weight);--awb-caption-title-font-style:var(--h2_typography-font-style);--awb-caption-title-size:var(--h2_typography-font-size);--awb-caption-title-transform:var(--h2_typography-text-transform);--awb-caption-title-line-height:var(--h2_typography-line-height);--awb-caption-title-letter-spacing:var(--h2_typography-letter-spacing);\"><span class=\" fusion-imageframe imageframe-none imageframe-2 hover-type-none\"><img decoding=\"async\" width=\"750\" height=\"552\" title=\"Fischer-Siren digitalisation-mounting control cabinet\" src=\"https:\/\/sirenenbau-fischer.de\/wp\/wp-content\/uploads\/2021\/02\/Fischer-Sirenendigitalisierung-Montage-Schaltschrank.gif\" alt class=\"img-responsive wp-image-1572\"\/><\/span><\/div><div class=\"fusion-clearfix\"><\/div><\/div><\/div><\/div><\/div><\/p>\n","protected":false},"excerpt":{"rendered":"","protected":false},"author":1,"featured_media":0,"parent":0,"menu_order":0,"comment_status":"closed","ping_status":"closed","template":"100-width.php","meta":{"footnotes":""},"class_list":["post-1651","page","type-page","status-publish","hentry"],"yoast_head":"<!-- This site is optimized with the Yoast SEO plugin v27.5 - https:\/\/yoast.com\/product\/yoast-seo-wordpress\/ -->\n<title>Siren construction | Fischer \u2013 Siren maintenance | Repair | Alarm systems<\/title>\n<meta name=\"description\" content=\"Sirenenbau Fischer ist Ihr Partner f\u00fcr Sirenenwartung und -reparatur sowie f\u00fcr Sirenensteuerempf\u00e4nger, Fernwirkempf\u00e4nger, Sirene E57 sowie Blitzschutz.\" \/>\n<meta name=\"robots\" content=\"index, follow, max-snippet:-1, max-image-preview:large, max-video-preview:-1\" \/>\n<link rel=\"canonical\" href=\"https:\/\/sirenenbau-fischer.de\/en\/siren-construction\/\" \/>\n<meta property=\"og:locale\" content=\"en_US\" \/>\n<meta property=\"og:type\" content=\"article\" \/>\n<meta property=\"og:title\" content=\"Siren construction | Fischer \u2013 Siren maintenance | Repair | Alarm systems\" \/>\n<meta property=\"og:description\" content=\"Sirenenbau Fischer ist Ihr Partner f\u00fcr Sirenenwartung und -reparatur sowie f\u00fcr Sirenensteuerempf\u00e4nger, Fernwirkempf\u00e4nger, Sirene E57 sowie Blitzschutz.\" \/>\n<meta property=\"og:url\" content=\"https:\/\/sirenenbau-fischer.de\/en\/siren-construction\/\" \/>\n<meta property=\"og:site_name\" content=\"Sirenenbau Fischer \u2013 Wartung | Reparatur | Alarmierung | Blitzschutz\" \/>\n<meta property=\"article:publisher\" content=\"https:\/\/www.facebook.com\/SirenenbauFischer\" \/>\n<meta property=\"article:modified_time\" content=\"2021-02-23T10:04:39+00:00\" \/>\n<meta name=\"twitter:card\" content=\"summary_large_image\" \/>\n<meta name=\"twitter:label1\" content=\"Est. reading time\" \/>\n\t<meta name=\"twitter:data1\" content=\"7 minutes\" \/>\n<script type=\"application\/ld+json\" class=\"yoast-schema-graph\">{\"@context\":\"https:\\\/\\\/schema.org\",\"@graph\":[{\"@type\":\"WebPage\",\"@id\":\"https:\\\/\\\/sirenenbau-fischer.de\\\/en\\\/siren-construction\\\/\",\"url\":\"https:\\\/\\\/sirenenbau-fischer.de\\\/en\\\/siren-construction\\\/\",\"name\":\"Siren construction | Fischer \u2013 Siren maintenance | Repair | Alarm systems\",\"isPartOf\":{\"@id\":\"https:\\\/\\\/sirenenbau-fischer.de\\\/en\\\/#website\"},\"datePublished\":\"2021-02-16T14:59:05+00:00\",\"dateModified\":\"2021-02-23T10:04:39+00:00\",\"description\":\"Sirenenbau Fischer ist Ihr Partner f\u00fcr Sirenenwartung und -reparatur sowie f\u00fcr Sirenensteuerempf\u00e4nger, Fernwirkempf\u00e4nger, Sirene E57 sowie Blitzschutz.\",\"breadcrumb\":{\"@id\":\"https:\\\/\\\/sirenenbau-fischer.de\\\/en\\\/siren-construction\\\/#breadcrumb\"},\"inLanguage\":\"en-US\",\"potentialAction\":[{\"@type\":\"ReadAction\",\"target\":[\"https:\\\/\\\/sirenenbau-fischer.de\\\/en\\\/siren-construction\\\/\"]}]},{\"@type\":\"BreadcrumbList\",\"@id\":\"https:\\\/\\\/sirenenbau-fischer.de\\\/en\\\/siren-construction\\\/#breadcrumb\",\"itemListElement\":[{\"@type\":\"ListItem\",\"position\":1,\"name\":\"Home\",\"item\":\"https:\\\/\\\/sirenenbau-fischer.de\\\/en\\\/\"},{\"@type\":\"ListItem\",\"position\":2,\"name\":\"Siren construction\"}]},{\"@type\":\"WebSite\",\"@id\":\"https:\\\/\\\/sirenenbau-fischer.de\\\/en\\\/#website\",\"url\":\"https:\\\/\\\/sirenenbau-fischer.de\\\/en\\\/\",\"name\":\"Sirenenbau Fischer \u2013 Wartung | Reparatur | Alarmierung | Blitzschutz\",\"description\":\"Ihr Partner f\u00fcr Sirenenwartung und -reparatur, Sirenensteuerempf\u00e4nger, Fernwirkempf\u00e4nger, Sirene E57 und Blitzschutz\",\"publisher\":{\"@id\":\"https:\\\/\\\/sirenenbau-fischer.de\\\/en\\\/#organization\"},\"potentialAction\":[{\"@type\":\"SearchAction\",\"target\":{\"@type\":\"EntryPoint\",\"urlTemplate\":\"https:\\\/\\\/sirenenbau-fischer.de\\\/en\\\/?s={search_term_string}\"},\"query-input\":{\"@type\":\"PropertyValueSpecification\",\"valueRequired\":true,\"valueName\":\"search_term_string\"}}],\"inLanguage\":\"en-US\"},{\"@type\":\"Organization\",\"@id\":\"https:\\\/\\\/sirenenbau-fischer.de\\\/en\\\/#organization\",\"name\":\"Sirenenbau Fischer\",\"url\":\"https:\\\/\\\/sirenenbau-fischer.de\\\/en\\\/\",\"logo\":{\"@type\":\"ImageObject\",\"inLanguage\":\"en-US\",\"@id\":\"https:\\\/\\\/sirenenbau-fischer.de\\\/en\\\/#\\\/schema\\\/logo\\\/image\\\/\",\"url\":\"https:\\\/\\\/sirenenbau-fischer.de\\\/wp\\\/wp-content\\\/uploads\\\/2016\\\/11\\\/Sirenenbau-Fischer-Logo-Retina.png\",\"contentUrl\":\"https:\\\/\\\/sirenenbau-fischer.de\\\/wp\\\/wp-content\\\/uploads\\\/2016\\\/11\\\/Sirenenbau-Fischer-Logo-Retina.png\",\"width\":639,\"height\":260,\"caption\":\"Sirenenbau Fischer\"},\"image\":{\"@id\":\"https:\\\/\\\/sirenenbau-fischer.de\\\/en\\\/#\\\/schema\\\/logo\\\/image\\\/\"},\"sameAs\":[\"https:\\\/\\\/www.facebook.com\\\/SirenenbauFischer\"]}]}<\/script>\n<!-- \/ Yoast SEO plugin. -->","yoast_head_json":{"title":"Siren construction | Fischer \u2013 Siren maintenance | Repair | Alarm systems","description":"Sirenenbau Fischer ist Ihr Partner f\u00fcr Sirenenwartung und -reparatur sowie f\u00fcr Sirenensteuerempf\u00e4nger, Fernwirkempf\u00e4nger, Sirene E57 sowie Blitzschutz.","robots":{"index":"index","follow":"follow","max-snippet":"max-snippet:-1","max-image-preview":"max-image-preview:large","max-video-preview":"max-video-preview:-1"},"canonical":"https:\/\/sirenenbau-fischer.de\/en\/siren-construction\/","og_locale":"en_US","og_type":"article","og_title":"Siren construction | Fischer \u2013 Siren maintenance | Repair | Alarm systems","og_description":"Sirenenbau Fischer ist Ihr Partner f\u00fcr Sirenenwartung und -reparatur sowie f\u00fcr Sirenensteuerempf\u00e4nger, Fernwirkempf\u00e4nger, Sirene E57 sowie Blitzschutz.","og_url":"https:\/\/sirenenbau-fischer.de\/en\/siren-construction\/","og_site_name":"Sirenenbau Fischer \u2013 Wartung | Reparatur | Alarmierung | Blitzschutz","article_publisher":"https:\/\/www.facebook.com\/SirenenbauFischer","article_modified_time":"2021-02-23T10:04:39+00:00","twitter_card":"summary_large_image","twitter_misc":{"Est. reading time":"7 minutes"},"schema":{"@context":"https:\/\/schema.org","@graph":[{"@type":"WebPage","@id":"https:\/\/sirenenbau-fischer.de\/en\/siren-construction\/","url":"https:\/\/sirenenbau-fischer.de\/en\/siren-construction\/","name":"Siren construction | Fischer \u2013 Siren maintenance | Repair | Alarm systems","isPartOf":{"@id":"https:\/\/sirenenbau-fischer.de\/en\/#website"},"datePublished":"2021-02-16T14:59:05+00:00","dateModified":"2021-02-23T10:04:39+00:00","description":"Sirenenbau Fischer ist Ihr Partner f\u00fcr Sirenenwartung und -reparatur sowie f\u00fcr Sirenensteuerempf\u00e4nger, Fernwirkempf\u00e4nger, Sirene E57 sowie Blitzschutz.","breadcrumb":{"@id":"https:\/\/sirenenbau-fischer.de\/en\/siren-construction\/#breadcrumb"},"inLanguage":"en-US","potentialAction":[{"@type":"ReadAction","target":["https:\/\/sirenenbau-fischer.de\/en\/siren-construction\/"]}]},{"@type":"BreadcrumbList","@id":"https:\/\/sirenenbau-fischer.de\/en\/siren-construction\/#breadcrumb","itemListElement":[{"@type":"ListItem","position":1,"name":"Home","item":"https:\/\/sirenenbau-fischer.de\/en\/"},{"@type":"ListItem","position":2,"name":"Siren construction"}]},{"@type":"WebSite","@id":"https:\/\/sirenenbau-fischer.de\/en\/#website","url":"https:\/\/sirenenbau-fischer.de\/en\/","name":"Sirenenbau Fischer \u2013 Wartung | Reparatur | Alarmierung | Blitzschutz","description":"Ihr Partner f\u00fcr Sirenenwartung und -reparatur, Sirenensteuerempf\u00e4nger, Fernwirkempf\u00e4nger, Sirene E57 und Blitzschutz","publisher":{"@id":"https:\/\/sirenenbau-fischer.de\/en\/#organization"},"potentialAction":[{"@type":"SearchAction","target":{"@type":"EntryPoint","urlTemplate":"https:\/\/sirenenbau-fischer.de\/en\/?s={search_term_string}"},"query-input":{"@type":"PropertyValueSpecification","valueRequired":true,"valueName":"search_term_string"}}],"inLanguage":"en-US"},{"@type":"Organization","@id":"https:\/\/sirenenbau-fischer.de\/en\/#organization","name":"Sirenenbau Fischer","url":"https:\/\/sirenenbau-fischer.de\/en\/","logo":{"@type":"ImageObject","inLanguage":"en-US","@id":"https:\/\/sirenenbau-fischer.de\/en\/#\/schema\/logo\/image\/","url":"https:\/\/sirenenbau-fischer.de\/wp\/wp-content\/uploads\/2016\/11\/Sirenenbau-Fischer-Logo-Retina.png","contentUrl":"https:\/\/sirenenbau-fischer.de\/wp\/wp-content\/uploads\/2016\/11\/Sirenenbau-Fischer-Logo-Retina.png","width":639,"height":260,"caption":"Sirenenbau Fischer"},"image":{"@id":"https:\/\/sirenenbau-fischer.de\/en\/#\/schema\/logo\/image\/"},"sameAs":["https:\/\/www.facebook.com\/SirenenbauFischer"]}]}},"_links":{"self":[{"href":"https:\/\/sirenenbau-fischer.de\/en\/wp-json\/wp\/v2\/pages\/1651","targetHints":{"allow":["GET"]}}],"collection":[{"href":"https:\/\/sirenenbau-fischer.de\/en\/wp-json\/wp\/v2\/pages"}],"about":[{"href":"https:\/\/sirenenbau-fischer.de\/en\/wp-json\/wp\/v2\/types\/page"}],"author":[{"embeddable":true,"href":"https:\/\/sirenenbau-fischer.de\/en\/wp-json\/wp\/v2\/users\/1"}],"replies":[{"embeddable":true,"href":"https:\/\/sirenenbau-fischer.de\/en\/wp-json\/wp\/v2\/comments?post=1651"}],"version-history":[{"count":13,"href":"https:\/\/sirenenbau-fischer.de\/en\/wp-json\/wp\/v2\/pages\/1651\/revisions"}],"predecessor-version":[{"id":1904,"href":"https:\/\/sirenenbau-fischer.de\/en\/wp-json\/wp\/v2\/pages\/1651\/revisions\/1904"}],"wp:attachment":[{"href":"https:\/\/sirenenbau-fischer.de\/en\/wp-json\/wp\/v2\/media?parent=1651"}],"curies":[{"name":"wp","href":"https:\/\/api.w.org\/{rel}","templated":true}]}}