{"id":1616,"date":"2021-02-16T13:36:07","date_gmt":"2021-02-16T12:36:07","guid":{"rendered":"https:\/\/sirenenbau-fischer.de\/careers\/"},"modified":"2022-05-02T09:20:59","modified_gmt":"2022-05-02T07:20:59","slug":"careers","status":"publish","type":"page","link":"https:\/\/sirenenbau-fischer.de\/en\/careers\/","title":{"rendered":"Careers"},"content":{"rendered":"<p><div class=\"fusion-fullwidth fullwidth-box fusion-builder-row-1 nonhundred-percent-fullwidth non-hundred-percent-height-scrolling\" style=\"--awb-background-position:left top;--awb-border-sizes-top:0px;--awb-border-sizes-bottom:0px;--awb-border-sizes-left:0px;--awb-border-sizes-right:0px;--awb-border-radius-top-left:0px;--awb-border-radius-top-right:0px;--awb-border-radius-bottom-right:0px;--awb-border-radius-bottom-left:0px;--awb-padding-top:20px;--awb-flex-wrap:wrap;\" ><div class=\"fusion-builder-row fusion-row\"><div class=\"fusion-layout-column fusion_builder_column fusion-builder-column-0 fusion_builder_column_2_3 2_3 fusion-two-third fusion-column-first\" style=\"--awb-bg-size:cover;width:65.3333%; margin-right: 4%;\"><div class=\"fusion-column-wrapper fusion-column-has-shadow fusion-flex-column-wrapper-legacy\"><div class=\"fusion-text fusion-text-1\"><h1>Current vacancies at Fischer Siren Construction + Systems<\/h1>\n<p>Are you looking for an exciting, responsible job in the service of the community? Welcome to Fischer Sirenenbau + Alarmierungssysteme!<\/p>\n<p>Fischer Siren Construction + Alarm Systems! To strengthen our team, we are recruiting as soon as possible:<\/p>\n<\/div><div class=\"fusion-clearfix\"><\/div><\/div><\/div><div class=\"fusion-layout-column fusion_builder_column fusion-builder-column-1 fusion_builder_column_1_3 1_3 fusion-one-third fusion-column-last\" style=\"--awb-bg-size:cover;width:30.6666%;\"><div class=\"fusion-column-wrapper fusion-flex-column-wrapper-legacy\"><div class=\"fusion-clearfix\"><\/div><\/div><\/div><\/div><\/div><div class=\"fusion-fullwidth fullwidth-box fusion-builder-row-2 nonhundred-percent-fullwidth non-hundred-percent-height-scrolling\" style=\"--awb-background-position:left top;--awb-border-sizes-top:0px;--awb-border-sizes-bottom:0px;--awb-border-sizes-left:0px;--awb-border-sizes-right:0px;--awb-border-radius-top-left:0px;--awb-border-radius-top-right:0px;--awb-border-radius-bottom-right:0px;--awb-border-radius-bottom-left:0px;--awb-padding-top:10px;--awb-padding-bottom:20px;--awb-flex-wrap:wrap;\" ><div class=\"fusion-builder-row fusion-row\"><div class=\"fusion-layout-column fusion_builder_column fusion-builder-column-2 fusion_builder_column_2_3 2_3 fusion-two-third fusion-column-first\" style=\"--awb-padding-top:20px;--awb-padding-right:20px;--awb-padding-bottom:20px;--awb-padding-left:20px;--awb-bg-color:#eeeeee;--awb-bg-color-hover:#eeeeee;--awb-bg-size:cover;--awb-border-color:#eeeeee;--awb-border-top:0px;--awb-border-right:0px;--awb-border-bottom:0px;--awb-border-left:0px;--awb-border-style:solid;--awb-margin-bottom:10px;width:65.3333%; margin-right: 4%;\"><div class=\"fusion-column-wrapper fusion-column-has-shadow fusion-flex-column-wrapper-legacy\"><div class=\"fusion-text fusion-text-2\" style=\"--awb-text-transform:none;\"><h2 style=\"text-align: left\">10 x fitter (m\/f\/d) for siren systems<\/h2>\n<h2 style=\"text-align: left\">2 x senior fitter (m\/f\/d) for siren systems<\/h2>\n<p>Full time<br \/>\nReference number: 2022-7809<\/p>\n<\/div><div class=\"fusion-text fusion-text-3\" style=\"--awb-text-transform:none;\"><p><strong>Your tasks<\/strong><\/p>\n<ul>\n<li>Installation and commissioning of siren systems in the low-voltage range for municipalities<\/li>\n<li>Maintenance, refurbishment and servicing of siren systems<\/li>\n<li>Guiding column vehicles and construction machinery vehicles<\/li>\n<li>Alternating assembly work in the area of Bavaria\/Hesse\/Baden-W\u00fcrttemberg and Rhineland-Palatinate, gladly also nationwide<\/li>\n<\/ul>\n<p><strong>Your profile<\/strong><\/p>\n<ul>\n<li>Completed training in electrical engineering, e.g. as an electrician (m\/f\/d) or comparable training<\/li>\n<li>Driving licence class B necessary, classes C and CE desirable<\/li>\n<li>Independent, committed and motivated work style combined with communication skills, team spirit, flexibility and physical fitness<\/li>\n<\/ul>\n<p><strong>We offer<\/strong><\/p>\n<ul>\n<li>Attractive salary in accordance with the IG Metall collective wage agreement (incl. 30 days&#8217; holiday, additional benefits, holiday and Christmas bonuses) as well as company performance payments if the construction work is completed according to plan.<\/li>\n<li>Individual training and development programmes as well as diverse career opportunities<\/li>\n<li>Compatibility of leisure time, family and work through the predominant handling of projects in the region<\/li>\n<li>Attractive working hours from Monday to Thursday<\/li>\n<\/ul>\n<\/div><div class=\"fusion-clearfix\"><\/div><\/div><\/div><div class=\"fusion-layout-column fusion_builder_column fusion-builder-column-3 fusion_builder_column_1_3 1_3 fusion-one-third fusion-column-last\" style=\"--awb-bg-size:cover;--awb-margin-bottom:0px;width:30.6666%;\"><div class=\"fusion-column-wrapper fusion-flex-column-wrapper-legacy\"><div class=\"fusion-text fusion-text-4\"><p>We will reimburse travel expenses to a job interview agreed with us against receipt, unless they are borne by the Federal Employment Agency.<\/p>\n<\/div><div class=\"fusion-clearfix\"><\/div><\/div><\/div><\/div><\/div><div class=\"fusion-fullwidth fullwidth-box fusion-builder-row-3 nonhundred-percent-fullwidth non-hundred-percent-height-scrolling\" style=\"--awb-background-position:left top;--awb-border-sizes-top:0px;--awb-border-sizes-bottom:0px;--awb-border-sizes-left:0px;--awb-border-sizes-right:0px;--awb-border-radius-top-left:0px;--awb-border-radius-top-right:0px;--awb-border-radius-bottom-right:0px;--awb-border-radius-bottom-left:0px;--awb-padding-top:10px;--awb-padding-bottom:20px;--awb-flex-wrap:wrap;\" ><div class=\"fusion-builder-row fusion-row\"><div class=\"fusion-layout-column fusion_builder_column fusion-builder-column-4 fusion_builder_column_2_3 2_3 fusion-two-third fusion-column-first\" style=\"--awb-bg-size:cover;width:65.3333%; margin-right: 4%;\"><div class=\"fusion-column-wrapper fusion-flex-column-wrapper-legacy\"><div class=\"fusion-text fusion-text-5\"><p>We will organise trial work days for you and pay your expenses. Please note: Applicants who are registered with the Federal Employment Agency as jobseekers and\/or benefit recipients must report a trial work week in advance to the responsible administrator before starting the job!<\/p>\n<\/div><div class=\"fusion-text fusion-text-6\"><p>We expect quality orientation, the ability to work in a team and, depending on the job, the willingness to travel with our installation teams to jobs on site.<\/p>\n<p>We look forward to receiving your detailed application with a picture, which you can send by post to the address below or by e-mail to info@sirenenbau-fischer.de with the subject &#8220;Application&#8221;.<\/p>\n<\/div><div class=\"fusion-clearfix\"><\/div><\/div><\/div><div class=\"fusion-layout-column fusion_builder_column fusion-builder-column-5 fusion_builder_column_1_3 1_3 fusion-one-third fusion-column-last\" style=\"--awb-bg-size:cover;width:30.6666%;\"><div class=\"fusion-column-wrapper fusion-flex-column-wrapper-legacy\"><div class=\"fusion-clearfix\"><\/div><\/div><\/div><\/div><\/div><\/p>\n","protected":false},"excerpt":{"rendered":"","protected":false},"author":1,"featured_media":0,"parent":0,"menu_order":0,"comment_status":"closed","ping_status":"closed","template":"","meta":{"footnotes":""},"class_list":["post-1616","page","type-page","status-publish","hentry"],"yoast_head":"<!-- This site is optimized with the Yoast SEO plugin v27.5 - https:\/\/yoast.com\/product\/yoast-seo-wordpress\/ -->\n<title>Careers - Sirenenbau Fischer \u2013 Wartung | Reparatur | Alarmierung | Blitzschutz<\/title>\n<meta name=\"description\" content=\"Sirenenbau Fischer ist Ihr Partner f\u00fcr Sirenenwartung und -reparatur sowie f\u00fcr Sirenensteuerempf\u00e4nger, Fernwirkempf\u00e4nger, Sirene E57 sowie Blitzschutz.\" \/>\n<meta name=\"robots\" content=\"index, follow, max-snippet:-1, max-image-preview:large, max-video-preview:-1\" \/>\n<link rel=\"canonical\" href=\"https:\/\/sirenenbau-fischer.de\/en\/careers\/\" \/>\n<meta property=\"og:locale\" content=\"en_US\" \/>\n<meta property=\"og:type\" content=\"article\" \/>\n<meta property=\"og:title\" content=\"Careers - Sirenenbau Fischer \u2013 Wartung | Reparatur | Alarmierung | Blitzschutz\" \/>\n<meta property=\"og:description\" content=\"Sirenenbau Fischer ist Ihr Partner f\u00fcr Sirenenwartung und -reparatur sowie f\u00fcr Sirenensteuerempf\u00e4nger, Fernwirkempf\u00e4nger, Sirene E57 sowie Blitzschutz.\" \/>\n<meta property=\"og:url\" content=\"https:\/\/sirenenbau-fischer.de\/en\/careers\/\" \/>\n<meta property=\"og:site_name\" content=\"Sirenenbau Fischer \u2013 Wartung | Reparatur | Alarmierung | Blitzschutz\" \/>\n<meta property=\"article:publisher\" content=\"https:\/\/www.facebook.com\/SirenenbauFischer\" \/>\n<meta property=\"article:modified_time\" content=\"2022-05-02T07:20:59+00:00\" \/>\n<meta name=\"twitter:card\" content=\"summary_large_image\" \/>\n<meta name=\"twitter:label1\" content=\"Est. reading time\" \/>\n\t<meta name=\"twitter:data1\" content=\"11 minutes\" \/>\n<script type=\"application\/ld+json\" class=\"yoast-schema-graph\">{\"@context\":\"https:\\\/\\\/schema.org\",\"@graph\":[{\"@type\":\"WebPage\",\"@id\":\"https:\\\/\\\/sirenenbau-fischer.de\\\/en\\\/careers\\\/\",\"url\":\"https:\\\/\\\/sirenenbau-fischer.de\\\/en\\\/careers\\\/\",\"name\":\"Careers - Sirenenbau Fischer \u2013 Wartung | Reparatur | Alarmierung | Blitzschutz\",\"isPartOf\":{\"@id\":\"https:\\\/\\\/sirenenbau-fischer.de\\\/en\\\/#website\"},\"datePublished\":\"2021-02-16T12:36:07+00:00\",\"dateModified\":\"2022-05-02T07:20:59+00:00\",\"description\":\"Sirenenbau Fischer ist Ihr Partner f\u00fcr Sirenenwartung und -reparatur sowie f\u00fcr Sirenensteuerempf\u00e4nger, Fernwirkempf\u00e4nger, Sirene E57 sowie Blitzschutz.\",\"breadcrumb\":{\"@id\":\"https:\\\/\\\/sirenenbau-fischer.de\\\/en\\\/careers\\\/#breadcrumb\"},\"inLanguage\":\"en-US\",\"potentialAction\":[{\"@type\":\"ReadAction\",\"target\":[\"https:\\\/\\\/sirenenbau-fischer.de\\\/en\\\/careers\\\/\"]}]},{\"@type\":\"BreadcrumbList\",\"@id\":\"https:\\\/\\\/sirenenbau-fischer.de\\\/en\\\/careers\\\/#breadcrumb\",\"itemListElement\":[{\"@type\":\"ListItem\",\"position\":1,\"name\":\"Home\",\"item\":\"https:\\\/\\\/sirenenbau-fischer.de\\\/en\\\/\"},{\"@type\":\"ListItem\",\"position\":2,\"name\":\"Careers\"}]},{\"@type\":\"WebSite\",\"@id\":\"https:\\\/\\\/sirenenbau-fischer.de\\\/en\\\/#website\",\"url\":\"https:\\\/\\\/sirenenbau-fischer.de\\\/en\\\/\",\"name\":\"Sirenenbau Fischer \u2013 Wartung | Reparatur | Alarmierung | Blitzschutz\",\"description\":\"Ihr Partner f\u00fcr Sirenenwartung und -reparatur, Sirenensteuerempf\u00e4nger, Fernwirkempf\u00e4nger, Sirene E57 und Blitzschutz\",\"publisher\":{\"@id\":\"https:\\\/\\\/sirenenbau-fischer.de\\\/en\\\/#organization\"},\"potentialAction\":[{\"@type\":\"SearchAction\",\"target\":{\"@type\":\"EntryPoint\",\"urlTemplate\":\"https:\\\/\\\/sirenenbau-fischer.de\\\/en\\\/?s={search_term_string}\"},\"query-input\":{\"@type\":\"PropertyValueSpecification\",\"valueRequired\":true,\"valueName\":\"search_term_string\"}}],\"inLanguage\":\"en-US\"},{\"@type\":\"Organization\",\"@id\":\"https:\\\/\\\/sirenenbau-fischer.de\\\/en\\\/#organization\",\"name\":\"Sirenenbau Fischer\",\"url\":\"https:\\\/\\\/sirenenbau-fischer.de\\\/en\\\/\",\"logo\":{\"@type\":\"ImageObject\",\"inLanguage\":\"en-US\",\"@id\":\"https:\\\/\\\/sirenenbau-fischer.de\\\/en\\\/#\\\/schema\\\/logo\\\/image\\\/\",\"url\":\"https:\\\/\\\/sirenenbau-fischer.de\\\/wp\\\/wp-content\\\/uploads\\\/2016\\\/11\\\/Sirenenbau-Fischer-Logo-Retina.png\",\"contentUrl\":\"https:\\\/\\\/sirenenbau-fischer.de\\\/wp\\\/wp-content\\\/uploads\\\/2016\\\/11\\\/Sirenenbau-Fischer-Logo-Retina.png\",\"width\":639,\"height\":260,\"caption\":\"Sirenenbau Fischer\"},\"image\":{\"@id\":\"https:\\\/\\\/sirenenbau-fischer.de\\\/en\\\/#\\\/schema\\\/logo\\\/image\\\/\"},\"sameAs\":[\"https:\\\/\\\/www.facebook.com\\\/SirenenbauFischer\"]}]}<\/script>\n<!-- \/ Yoast SEO plugin. -->","yoast_head_json":{"title":"Careers - Sirenenbau Fischer \u2013 Wartung | Reparatur | Alarmierung | Blitzschutz","description":"Sirenenbau Fischer ist Ihr Partner f\u00fcr Sirenenwartung und -reparatur sowie f\u00fcr Sirenensteuerempf\u00e4nger, Fernwirkempf\u00e4nger, Sirene E57 sowie Blitzschutz.","robots":{"index":"index","follow":"follow","max-snippet":"max-snippet:-1","max-image-preview":"max-image-preview:large","max-video-preview":"max-video-preview:-1"},"canonical":"https:\/\/sirenenbau-fischer.de\/en\/careers\/","og_locale":"en_US","og_type":"article","og_title":"Careers - Sirenenbau Fischer \u2013 Wartung | Reparatur | Alarmierung | Blitzschutz","og_description":"Sirenenbau Fischer ist Ihr Partner f\u00fcr Sirenenwartung und -reparatur sowie f\u00fcr Sirenensteuerempf\u00e4nger, Fernwirkempf\u00e4nger, Sirene E57 sowie Blitzschutz.","og_url":"https:\/\/sirenenbau-fischer.de\/en\/careers\/","og_site_name":"Sirenenbau Fischer \u2013 Wartung | Reparatur | Alarmierung | Blitzschutz","article_publisher":"https:\/\/www.facebook.com\/SirenenbauFischer","article_modified_time":"2022-05-02T07:20:59+00:00","twitter_card":"summary_large_image","twitter_misc":{"Est. reading time":"11 minutes"},"schema":{"@context":"https:\/\/schema.org","@graph":[{"@type":"WebPage","@id":"https:\/\/sirenenbau-fischer.de\/en\/careers\/","url":"https:\/\/sirenenbau-fischer.de\/en\/careers\/","name":"Careers - Sirenenbau Fischer \u2013 Wartung | Reparatur | Alarmierung | Blitzschutz","isPartOf":{"@id":"https:\/\/sirenenbau-fischer.de\/en\/#website"},"datePublished":"2021-02-16T12:36:07+00:00","dateModified":"2022-05-02T07:20:59+00:00","description":"Sirenenbau Fischer ist Ihr Partner f\u00fcr Sirenenwartung und -reparatur sowie f\u00fcr Sirenensteuerempf\u00e4nger, Fernwirkempf\u00e4nger, Sirene E57 sowie Blitzschutz.","breadcrumb":{"@id":"https:\/\/sirenenbau-fischer.de\/en\/careers\/#breadcrumb"},"inLanguage":"en-US","potentialAction":[{"@type":"ReadAction","target":["https:\/\/sirenenbau-fischer.de\/en\/careers\/"]}]},{"@type":"BreadcrumbList","@id":"https:\/\/sirenenbau-fischer.de\/en\/careers\/#breadcrumb","itemListElement":[{"@type":"ListItem","position":1,"name":"Home","item":"https:\/\/sirenenbau-fischer.de\/en\/"},{"@type":"ListItem","position":2,"name":"Careers"}]},{"@type":"WebSite","@id":"https:\/\/sirenenbau-fischer.de\/en\/#website","url":"https:\/\/sirenenbau-fischer.de\/en\/","name":"Sirenenbau Fischer \u2013 Wartung | Reparatur | Alarmierung | Blitzschutz","description":"Ihr Partner f\u00fcr Sirenenwartung und -reparatur, Sirenensteuerempf\u00e4nger, Fernwirkempf\u00e4nger, Sirene E57 und Blitzschutz","publisher":{"@id":"https:\/\/sirenenbau-fischer.de\/en\/#organization"},"potentialAction":[{"@type":"SearchAction","target":{"@type":"EntryPoint","urlTemplate":"https:\/\/sirenenbau-fischer.de\/en\/?s={search_term_string}"},"query-input":{"@type":"PropertyValueSpecification","valueRequired":true,"valueName":"search_term_string"}}],"inLanguage":"en-US"},{"@type":"Organization","@id":"https:\/\/sirenenbau-fischer.de\/en\/#organization","name":"Sirenenbau Fischer","url":"https:\/\/sirenenbau-fischer.de\/en\/","logo":{"@type":"ImageObject","inLanguage":"en-US","@id":"https:\/\/sirenenbau-fischer.de\/en\/#\/schema\/logo\/image\/","url":"https:\/\/sirenenbau-fischer.de\/wp\/wp-content\/uploads\/2016\/11\/Sirenenbau-Fischer-Logo-Retina.png","contentUrl":"https:\/\/sirenenbau-fischer.de\/wp\/wp-content\/uploads\/2016\/11\/Sirenenbau-Fischer-Logo-Retina.png","width":639,"height":260,"caption":"Sirenenbau Fischer"},"image":{"@id":"https:\/\/sirenenbau-fischer.de\/en\/#\/schema\/logo\/image\/"},"sameAs":["https:\/\/www.facebook.com\/SirenenbauFischer"]}]}},"_links":{"self":[{"href":"https:\/\/sirenenbau-fischer.de\/en\/wp-json\/wp\/v2\/pages\/1616","targetHints":{"allow":["GET"]}}],"collection":[{"href":"https:\/\/sirenenbau-fischer.de\/en\/wp-json\/wp\/v2\/pages"}],"about":[{"href":"https:\/\/sirenenbau-fischer.de\/en\/wp-json\/wp\/v2\/types\/page"}],"author":[{"embeddable":true,"href":"https:\/\/sirenenbau-fischer.de\/en\/wp-json\/wp\/v2\/users\/1"}],"replies":[{"embeddable":true,"href":"https:\/\/sirenenbau-fischer.de\/en\/wp-json\/wp\/v2\/comments?post=1616"}],"version-history":[{"count":21,"href":"https:\/\/sirenenbau-fischer.de\/en\/wp-json\/wp\/v2\/pages\/1616\/revisions"}],"predecessor-version":[{"id":2008,"href":"https:\/\/sirenenbau-fischer.de\/en\/wp-json\/wp\/v2\/pages\/1616\/revisions\/2008"}],"wp:attachment":[{"href":"https:\/\/sirenenbau-fischer.de\/en\/wp-json\/wp\/v2\/media?parent=1616"}],"curies":[{"name":"wp","href":"https:\/\/api.w.org\/{rel}","templated":true}]}}