{"id":1612,"date":"2021-02-16T13:32:57","date_gmt":"2021-02-16T12:32:57","guid":{"rendered":"https:\/\/sirenenbau-fischer.de\/downloads\/"},"modified":"2021-02-16T13:33:04","modified_gmt":"2021-02-16T12:33:04","slug":"downloads","status":"publish","type":"page","link":"https:\/\/sirenenbau-fischer.de\/en\/downloads\/","title":{"rendered":"Downloads"},"content":{"rendered":"<p><div class=\"fusion-fullwidth fullwidth-box fusion-builder-row-1 nonhundred-percent-fullwidth non-hundred-percent-height-scrolling\" style=\"--awb-background-position:left top;--awb-border-sizes-top:0px;--awb-border-sizes-bottom:0px;--awb-border-sizes-left:0px;--awb-border-sizes-right:0px;--awb-border-radius-top-left:0px;--awb-border-radius-top-right:0px;--awb-border-radius-bottom-right:0px;--awb-border-radius-bottom-left:0px;--awb-padding-top:20px;--awb-padding-bottom:20px;--awb-flex-wrap:wrap;\" ><div class=\"fusion-builder-row fusion-row\"><div class=\"fusion-layout-column fusion_builder_column fusion-builder-column-0 fusion_builder_column_1_1 1_1 fusion-one-full fusion-column-first fusion-column-last\" style=\"--awb-bg-size:cover;\"><div class=\"fusion-column-wrapper fusion-flex-column-wrapper-legacy\"><div class=\"fusion-sep-clear\"><\/div><div class=\"fusion-separator fusion-full-width-sep\" style=\"margin-left: auto;margin-right: auto;margin-top:50px;width:100%;\"><\/div><div class=\"fusion-sep-clear\"><\/div><div class=\"fusion-text fusion-text-1\"><p>Here you can download data sheets of our siren systems and the instructions for our control panel.<\/p>\n<\/div><div class=\"fusion-sep-clear\"><\/div><div class=\"fusion-separator fusion-full-width-sep\" style=\"margin-left: auto;margin-right: auto;margin-top:50px;width:100%;\"><\/div><div class=\"fusion-sep-clear\"><\/div><div class=\"fusion-title title fusion-title-1 fusion-sep-none fusion-title-text fusion-title-size-one\" style=\"--awb-margin-top-small:0px;--awb-margin-right-small:0px;--awb-margin-bottom-small:20px;--awb-margin-left-small:0px;\"><h1 class=\"fusion-title-heading title-heading-left\" style=\"margin:0;\">Data sheets (german)<\/h1><\/div><div class=\"fusion-clearfix\"><\/div><\/div><\/div><div class=\"fusion-layout-column fusion_builder_column fusion-builder-column-1 fusion_builder_column_1_4 1_4 fusion-one-fourth fusion-column-first\" style=\"--awb-bg-size:cover;--awb-margin-bottom:60px;width:25%;width:calc(25% - ( ( 4% + 4% + 4% ) * 0.25 ) );margin-right: 4%;\"><div class=\"fusion-column-wrapper fusion-column-has-shadow fusion-flex-column-wrapper-legacy\"><div class=\"fusion-fa-align-center\"><a class=\"fb-icon-element-1 fb-icon-element fontawesome-icon fa-file-pdf fas circle-yes fusion-link\" style=\"--awb-circlecolor:#ff6b00;--awb-circlecolor-hover:#f44336;--awb-circlebordersize:0px;--awb-font-size:35.2px;--awb-width:70.4px;--awb-height:70.4px;--awb-line-height:70.4px;--awb-margin-bottom:20px;\" href=\"\/wp\/wp-content\/uploads\/2021\/02\/Sirenenbau-Fischer-Datenblatt-FS600.pdf\" target=\"_blank\" aria-label=\"Link to \/wp\/wp-content\/uploads\/2021\/02\/Sirenenbau-Fischer-Datenblatt-FS600.pdf\" rel=\"noopener noreferrer\"><\/a><\/div><div class=\"fusion-title title fusion-title-2 fusion-sep-none fusion-title-text fusion-title-size-two\" style=\"--awb-margin-top-small:0px;--awb-margin-right-small:0px;--awb-margin-bottom-small:20px;--awb-margin-left-small:0px;\"><h2 class=\"fusion-title-heading title-heading-left\" style=\"margin:0;\"><p style=\"text-align: center;\"><a href=\"\/wp\/wp-content\/uploads\/2021\/02\/Sirenenbau-Fischer-Datenblatt-FS600.pdf\" target=\"_blank\" rel=\"noopener\">Siren system FS600 (german)<\/a><\/p><\/h2><\/div><div class=\"fusion-clearfix\"><\/div><\/div><\/div><div class=\"fusion-layout-column fusion_builder_column fusion-builder-column-2 fusion_builder_column_1_4 1_4 fusion-one-fourth\" style=\"--awb-bg-size:cover;--awb-margin-bottom:60px;width:25%;width:calc(25% - ( ( 4% + 4% + 4% ) * 0.25 ) );margin-right: 4%;\"><div class=\"fusion-column-wrapper fusion-column-has-shadow fusion-flex-column-wrapper-legacy\"><div class=\"fusion-fa-align-center\"><a class=\"fb-icon-element-2 fb-icon-element fontawesome-icon fa-file-pdf fas circle-yes fusion-link\" style=\"--awb-circlecolor:#ff6b00;--awb-circlecolor-hover:#f44336;--awb-circlebordersize:0px;--awb-font-size:35.2px;--awb-width:70.4px;--awb-height:70.4px;--awb-line-height:70.4px;--awb-margin-bottom:20px;\" href=\"\/wp\/wp-content\/uploads\/2021\/02\/Sirenenbau-Fischer-Datenblatt-FS1200.pdf\" target=\"_blank\" aria-label=\"Link to \/wp\/wp-content\/uploads\/2021\/02\/Sirenenbau-Fischer-Datenblatt-FS1200.pdf\" rel=\"noopener noreferrer\"><\/a><\/div><div class=\"fusion-title title fusion-title-3 fusion-sep-none fusion-title-text fusion-title-size-two\" style=\"--awb-margin-top-small:0px;--awb-margin-right-small:0px;--awb-margin-bottom-small:20px;--awb-margin-left-small:0px;\"><h2 class=\"fusion-title-heading title-heading-left\" style=\"margin:0;\"><p style=\"text-align: center;\"><a href=\"\/wp\/wp-content\/uploads\/2021\/02\/Sirenenbau-Fischer-Datenblatt-FS1200.pdf\" target=\"_blank\" rel=\"noopener\">Siren system FS1200 (german)<\/a><\/p><\/h2><\/div><div class=\"fusion-clearfix\"><\/div><\/div><\/div><div class=\"fusion-layout-column fusion_builder_column fusion-builder-column-3 fusion_builder_column_1_4 1_4 fusion-one-fourth\" style=\"--awb-bg-size:cover;--awb-margin-bottom:60px;width:25%;width:calc(25% - ( ( 4% + 4% + 4% ) * 0.25 ) );margin-right: 4%;\"><div class=\"fusion-column-wrapper fusion-column-has-shadow fusion-flex-column-wrapper-legacy\"><div class=\"fusion-fa-align-center\"><a class=\"fb-icon-element-3 fb-icon-element fontawesome-icon fa-file-pdf fas circle-yes fusion-link\" style=\"--awb-circlecolor:#ff6b00;--awb-circlecolor-hover:#f44336;--awb-circlebordersize:0px;--awb-font-size:35.2px;--awb-width:70.4px;--awb-height:70.4px;--awb-line-height:70.4px;--awb-margin-bottom:20px;\" href=\"\/wp\/wp-content\/uploads\/2021\/02\/Sirenenbau-Fischer-Datenblatt-FS2400.pdf\" target=\"_blank\" aria-label=\"Link to \/wp\/wp-content\/uploads\/2021\/02\/Sirenenbau-Fischer-Datenblatt-FS2400.pdf\" rel=\"noopener noreferrer\"><\/a><\/div><div class=\"fusion-title title fusion-title-4 fusion-sep-none fusion-title-text fusion-title-size-two\" style=\"--awb-margin-top-small:0px;--awb-margin-right-small:0px;--awb-margin-bottom-small:20px;--awb-margin-left-small:0px;\"><h2 class=\"fusion-title-heading title-heading-left\" style=\"margin:0;\"><p style=\"text-align: center;\"><a href=\"\/wp\/wp-content\/uploads\/2021\/02\/Sirenenbau-Fischer-Datenblatt-FS2400.pdf\" target=\"_blank\" rel=\"noopener\">Siren system FS2400 (german)<\/a><\/p><\/h2><\/div><div class=\"fusion-clearfix\"><\/div><\/div><\/div><div class=\"fusion-layout-column fusion_builder_column fusion-builder-column-4 fusion_builder_column_1_4 1_4 fusion-one-fourth fusion-column-last\" style=\"--awb-bg-size:cover;--awb-margin-bottom:60px;width:25%;width:calc(25% - ( ( 4% + 4% + 4% ) * 0.25 ) );\"><div class=\"fusion-column-wrapper fusion-column-has-shadow fusion-flex-column-wrapper-legacy\"><div class=\"fusion-clearfix\"><\/div><\/div><\/div><\/div><\/div><div class=\"fusion-fullwidth fullwidth-box fusion-builder-row-2 fusion-flex-container nonhundred-percent-fullwidth non-hundred-percent-height-scrolling\" style=\"--awb-border-radius-top-left:0px;--awb-border-radius-top-right:0px;--awb-border-radius-bottom-right:0px;--awb-border-radius-bottom-left:0px;--awb-margin-top:20px;--awb-flex-wrap:wrap;\" ><div class=\"fusion-builder-row fusion-row fusion-flex-align-items-flex-start fusion-flex-content-wrap\" style=\"max-width:1144px;margin-left: calc(-4% \/ 2 );margin-right: calc(-4% \/ 2 );\"><div class=\"fusion-layout-column fusion_builder_column fusion-builder-column-5 fusion_builder_column_1_1 1_1 fusion-flex-column\" style=\"--awb-bg-size:cover;--awb-width-large:100%;--awb-margin-top-large:0px;--awb-spacing-right-large:1.92%;--awb-margin-bottom-large:20px;--awb-spacing-left-large:1.92%;--awb-width-medium:100%;--awb-order-medium:0;--awb-spacing-right-medium:1.92%;--awb-spacing-left-medium:1.92%;--awb-width-small:100%;--awb-order-small:0;--awb-spacing-right-small:1.92%;--awb-spacing-left-small:1.92%;\"><div class=\"fusion-column-wrapper fusion-column-has-shadow fusion-flex-justify-content-flex-start fusion-content-layout-column\"><div class=\"fusion-title title fusion-title-5 fusion-sep-none fusion-title-text fusion-title-size-one\" style=\"--awb-margin-top-small:0px;--awb-margin-right-small:0px;--awb-margin-bottom-small:20px;--awb-margin-left-small:0px;\"><h1 class=\"fusion-title-heading title-heading-left\" style=\"margin:0;\">Manuals (german)<\/h1><\/div><\/div><\/div><div class=\"fusion-layout-column fusion_builder_column fusion-builder-column-6 fusion_builder_column_1_4 1_4 fusion-flex-column\" style=\"--awb-bg-size:cover;--awb-width-large:25%;--awb-margin-top-large:0px;--awb-spacing-right-large:7.68%;--awb-margin-bottom-large:60px;--awb-spacing-left-large:7.68%;--awb-width-medium:100%;--awb-order-medium:0;--awb-spacing-right-medium:1.92%;--awb-spacing-left-medium:1.92%;--awb-width-small:100%;--awb-order-small:0;--awb-spacing-right-small:1.92%;--awb-spacing-left-small:1.92%;\"><div class=\"fusion-column-wrapper fusion-column-has-shadow fusion-flex-justify-content-flex-start fusion-content-layout-column\"><a class=\"fb-icon-element-4 fb-icon-element fontawesome-icon fa-file-pdf fas circle-yes fusion-link\" style=\"--awb-circlecolor:#ff6b00;--awb-circlecolor-hover:#f44336;--awb-circlebordersize:0px;--awb-font-size:35.2px;--awb-width:70.4px;--awb-height:70.4px;--awb-line-height:70.4px;--awb-align-self:center;--awb-margin-top:0px;--awb-margin-right:0px;--awb-margin-bottom:20px;--awb-margin-left:0px;\" href=\"\/wp\/wp-content\/uploads\/2021\/02\/Sirenenbau-Fischer-Anleitung-Bedienfeld.pdf\" target=\"_blank\" aria-label=\"Link to \/wp\/wp-content\/uploads\/2021\/02\/Sirenenbau-Fischer-Anleitung-Bedienfeld.pdf\" rel=\"noopener noreferrer\"><\/a><div class=\"fusion-title title fusion-title-6 fusion-sep-none fusion-title-text fusion-title-size-two\" style=\"--awb-margin-top-small:0px;--awb-margin-right-small:0px;--awb-margin-bottom-small:20px;--awb-margin-left-small:0px;\"><h2 class=\"fusion-title-heading title-heading-left\" style=\"margin:0;\"><p style=\"text-align: center;\"><a href=\"\/wp\/wp-content\/uploads\/2021\/02\/Sirenenbau-Fischer-Anleitung-Bedienfeld.pdf\" target=\"_blank\" rel=\"noopener\">Control panel ASG (german)<\/a><\/p><\/h2><\/div><\/div><\/div><\/div><\/div><\/p>\n","protected":false},"excerpt":{"rendered":"","protected":false},"author":1,"featured_media":0,"parent":0,"menu_order":0,"comment_status":"closed","ping_status":"closed","template":"100-width.php","meta":{"footnotes":""},"class_list":["post-1612","page","type-page","status-publish","hentry"],"yoast_head":"<!-- This site is optimized with the Yoast SEO plugin v27.5 - https:\/\/yoast.com\/product\/yoast-seo-wordpress\/ -->\n<title>Downloads - Sirenenbau Fischer \u2013 Wartung | Reparatur | Alarmierung | Blitzschutz<\/title>\n<meta name=\"description\" content=\"Sirenenbau Fischer ist Ihr Partner f\u00fcr Sirenenwartung und -reparatur sowie f\u00fcr Sirenensteuerempf\u00e4nger, Fernwirkempf\u00e4nger, Sirene E57 sowie Blitzschutz.\" \/>\n<meta name=\"robots\" content=\"index, follow, max-snippet:-1, max-image-preview:large, max-video-preview:-1\" \/>\n<link rel=\"canonical\" href=\"https:\/\/sirenenbau-fischer.de\/en\/downloads\/\" \/>\n<meta property=\"og:locale\" content=\"en_US\" \/>\n<meta property=\"og:type\" content=\"article\" \/>\n<meta property=\"og:title\" content=\"Downloads - Sirenenbau Fischer \u2013 Wartung | Reparatur | Alarmierung | Blitzschutz\" \/>\n<meta property=\"og:description\" content=\"Sirenenbau Fischer ist Ihr Partner f\u00fcr Sirenenwartung und -reparatur sowie f\u00fcr Sirenensteuerempf\u00e4nger, Fernwirkempf\u00e4nger, Sirene E57 sowie Blitzschutz.\" \/>\n<meta property=\"og:url\" content=\"https:\/\/sirenenbau-fischer.de\/en\/downloads\/\" \/>\n<meta property=\"og:site_name\" content=\"Sirenenbau Fischer \u2013 Wartung | Reparatur | Alarmierung | Blitzschutz\" \/>\n<meta property=\"article:publisher\" content=\"https:\/\/www.facebook.com\/SirenenbauFischer\" \/>\n<meta property=\"article:modified_time\" content=\"2021-02-16T12:33:04+00:00\" \/>\n<meta name=\"twitter:card\" content=\"summary_large_image\" \/>\n<meta name=\"twitter:label1\" content=\"Est. reading time\" \/>\n\t<meta name=\"twitter:data1\" content=\"16 minutes\" \/>\n<script type=\"application\/ld+json\" class=\"yoast-schema-graph\">{\"@context\":\"https:\\\/\\\/schema.org\",\"@graph\":[{\"@type\":\"WebPage\",\"@id\":\"https:\\\/\\\/sirenenbau-fischer.de\\\/en\\\/downloads\\\/\",\"url\":\"https:\\\/\\\/sirenenbau-fischer.de\\\/en\\\/downloads\\\/\",\"name\":\"Downloads - Sirenenbau Fischer \u2013 Wartung | Reparatur | Alarmierung | Blitzschutz\",\"isPartOf\":{\"@id\":\"https:\\\/\\\/sirenenbau-fischer.de\\\/en\\\/#website\"},\"datePublished\":\"2021-02-16T12:32:57+00:00\",\"dateModified\":\"2021-02-16T12:33:04+00:00\",\"description\":\"Sirenenbau Fischer ist Ihr Partner f\u00fcr Sirenenwartung und -reparatur sowie f\u00fcr Sirenensteuerempf\u00e4nger, Fernwirkempf\u00e4nger, Sirene E57 sowie Blitzschutz.\",\"breadcrumb\":{\"@id\":\"https:\\\/\\\/sirenenbau-fischer.de\\\/en\\\/downloads\\\/#breadcrumb\"},\"inLanguage\":\"en-US\",\"potentialAction\":[{\"@type\":\"ReadAction\",\"target\":[\"https:\\\/\\\/sirenenbau-fischer.de\\\/en\\\/downloads\\\/\"]}]},{\"@type\":\"BreadcrumbList\",\"@id\":\"https:\\\/\\\/sirenenbau-fischer.de\\\/en\\\/downloads\\\/#breadcrumb\",\"itemListElement\":[{\"@type\":\"ListItem\",\"position\":1,\"name\":\"Home\",\"item\":\"https:\\\/\\\/sirenenbau-fischer.de\\\/en\\\/\"},{\"@type\":\"ListItem\",\"position\":2,\"name\":\"Downloads\"}]},{\"@type\":\"WebSite\",\"@id\":\"https:\\\/\\\/sirenenbau-fischer.de\\\/en\\\/#website\",\"url\":\"https:\\\/\\\/sirenenbau-fischer.de\\\/en\\\/\",\"name\":\"Sirenenbau Fischer \u2013 Wartung | Reparatur | Alarmierung | Blitzschutz\",\"description\":\"Ihr Partner f\u00fcr Sirenenwartung und -reparatur, Sirenensteuerempf\u00e4nger, Fernwirkempf\u00e4nger, Sirene E57 und Blitzschutz\",\"publisher\":{\"@id\":\"https:\\\/\\\/sirenenbau-fischer.de\\\/en\\\/#organization\"},\"potentialAction\":[{\"@type\":\"SearchAction\",\"target\":{\"@type\":\"EntryPoint\",\"urlTemplate\":\"https:\\\/\\\/sirenenbau-fischer.de\\\/en\\\/?s={search_term_string}\"},\"query-input\":{\"@type\":\"PropertyValueSpecification\",\"valueRequired\":true,\"valueName\":\"search_term_string\"}}],\"inLanguage\":\"en-US\"},{\"@type\":\"Organization\",\"@id\":\"https:\\\/\\\/sirenenbau-fischer.de\\\/en\\\/#organization\",\"name\":\"Sirenenbau Fischer\",\"url\":\"https:\\\/\\\/sirenenbau-fischer.de\\\/en\\\/\",\"logo\":{\"@type\":\"ImageObject\",\"inLanguage\":\"en-US\",\"@id\":\"https:\\\/\\\/sirenenbau-fischer.de\\\/en\\\/#\\\/schema\\\/logo\\\/image\\\/\",\"url\":\"https:\\\/\\\/sirenenbau-fischer.de\\\/wp\\\/wp-content\\\/uploads\\\/2016\\\/11\\\/Sirenenbau-Fischer-Logo-Retina.png\",\"contentUrl\":\"https:\\\/\\\/sirenenbau-fischer.de\\\/wp\\\/wp-content\\\/uploads\\\/2016\\\/11\\\/Sirenenbau-Fischer-Logo-Retina.png\",\"width\":639,\"height\":260,\"caption\":\"Sirenenbau Fischer\"},\"image\":{\"@id\":\"https:\\\/\\\/sirenenbau-fischer.de\\\/en\\\/#\\\/schema\\\/logo\\\/image\\\/\"},\"sameAs\":[\"https:\\\/\\\/www.facebook.com\\\/SirenenbauFischer\"]}]}<\/script>\n<!-- \/ Yoast SEO plugin. -->","yoast_head_json":{"title":"Downloads - Sirenenbau Fischer \u2013 Wartung | Reparatur | Alarmierung | Blitzschutz","description":"Sirenenbau Fischer ist Ihr Partner f\u00fcr Sirenenwartung und -reparatur sowie f\u00fcr Sirenensteuerempf\u00e4nger, Fernwirkempf\u00e4nger, Sirene E57 sowie Blitzschutz.","robots":{"index":"index","follow":"follow","max-snippet":"max-snippet:-1","max-image-preview":"max-image-preview:large","max-video-preview":"max-video-preview:-1"},"canonical":"https:\/\/sirenenbau-fischer.de\/en\/downloads\/","og_locale":"en_US","og_type":"article","og_title":"Downloads - Sirenenbau Fischer \u2013 Wartung | Reparatur | Alarmierung | Blitzschutz","og_description":"Sirenenbau Fischer ist Ihr Partner f\u00fcr Sirenenwartung und -reparatur sowie f\u00fcr Sirenensteuerempf\u00e4nger, Fernwirkempf\u00e4nger, Sirene E57 sowie Blitzschutz.","og_url":"https:\/\/sirenenbau-fischer.de\/en\/downloads\/","og_site_name":"Sirenenbau Fischer \u2013 Wartung | Reparatur | Alarmierung | Blitzschutz","article_publisher":"https:\/\/www.facebook.com\/SirenenbauFischer","article_modified_time":"2021-02-16T12:33:04+00:00","twitter_card":"summary_large_image","twitter_misc":{"Est. reading time":"16 minutes"},"schema":{"@context":"https:\/\/schema.org","@graph":[{"@type":"WebPage","@id":"https:\/\/sirenenbau-fischer.de\/en\/downloads\/","url":"https:\/\/sirenenbau-fischer.de\/en\/downloads\/","name":"Downloads - Sirenenbau Fischer \u2013 Wartung | Reparatur | Alarmierung | Blitzschutz","isPartOf":{"@id":"https:\/\/sirenenbau-fischer.de\/en\/#website"},"datePublished":"2021-02-16T12:32:57+00:00","dateModified":"2021-02-16T12:33:04+00:00","description":"Sirenenbau Fischer ist Ihr Partner f\u00fcr Sirenenwartung und -reparatur sowie f\u00fcr Sirenensteuerempf\u00e4nger, Fernwirkempf\u00e4nger, Sirene E57 sowie Blitzschutz.","breadcrumb":{"@id":"https:\/\/sirenenbau-fischer.de\/en\/downloads\/#breadcrumb"},"inLanguage":"en-US","potentialAction":[{"@type":"ReadAction","target":["https:\/\/sirenenbau-fischer.de\/en\/downloads\/"]}]},{"@type":"BreadcrumbList","@id":"https:\/\/sirenenbau-fischer.de\/en\/downloads\/#breadcrumb","itemListElement":[{"@type":"ListItem","position":1,"name":"Home","item":"https:\/\/sirenenbau-fischer.de\/en\/"},{"@type":"ListItem","position":2,"name":"Downloads"}]},{"@type":"WebSite","@id":"https:\/\/sirenenbau-fischer.de\/en\/#website","url":"https:\/\/sirenenbau-fischer.de\/en\/","name":"Sirenenbau Fischer \u2013 Wartung | Reparatur | Alarmierung | Blitzschutz","description":"Ihr Partner f\u00fcr Sirenenwartung und -reparatur, Sirenensteuerempf\u00e4nger, Fernwirkempf\u00e4nger, Sirene E57 und Blitzschutz","publisher":{"@id":"https:\/\/sirenenbau-fischer.de\/en\/#organization"},"potentialAction":[{"@type":"SearchAction","target":{"@type":"EntryPoint","urlTemplate":"https:\/\/sirenenbau-fischer.de\/en\/?s={search_term_string}"},"query-input":{"@type":"PropertyValueSpecification","valueRequired":true,"valueName":"search_term_string"}}],"inLanguage":"en-US"},{"@type":"Organization","@id":"https:\/\/sirenenbau-fischer.de\/en\/#organization","name":"Sirenenbau Fischer","url":"https:\/\/sirenenbau-fischer.de\/en\/","logo":{"@type":"ImageObject","inLanguage":"en-US","@id":"https:\/\/sirenenbau-fischer.de\/en\/#\/schema\/logo\/image\/","url":"https:\/\/sirenenbau-fischer.de\/wp\/wp-content\/uploads\/2016\/11\/Sirenenbau-Fischer-Logo-Retina.png","contentUrl":"https:\/\/sirenenbau-fischer.de\/wp\/wp-content\/uploads\/2016\/11\/Sirenenbau-Fischer-Logo-Retina.png","width":639,"height":260,"caption":"Sirenenbau Fischer"},"image":{"@id":"https:\/\/sirenenbau-fischer.de\/en\/#\/schema\/logo\/image\/"},"sameAs":["https:\/\/www.facebook.com\/SirenenbauFischer"]}]}},"_links":{"self":[{"href":"https:\/\/sirenenbau-fischer.de\/en\/wp-json\/wp\/v2\/pages\/1612","targetHints":{"allow":["GET"]}}],"collection":[{"href":"https:\/\/sirenenbau-fischer.de\/en\/wp-json\/wp\/v2\/pages"}],"about":[{"href":"https:\/\/sirenenbau-fischer.de\/en\/wp-json\/wp\/v2\/types\/page"}],"author":[{"embeddable":true,"href":"https:\/\/sirenenbau-fischer.de\/en\/wp-json\/wp\/v2\/users\/1"}],"replies":[{"embeddable":true,"href":"https:\/\/sirenenbau-fischer.de\/en\/wp-json\/wp\/v2\/comments?post=1612"}],"version-history":[{"count":2,"href":"https:\/\/sirenenbau-fischer.de\/en\/wp-json\/wp\/v2\/pages\/1612\/revisions"}],"predecessor-version":[{"id":1615,"href":"https:\/\/sirenenbau-fischer.de\/en\/wp-json\/wp\/v2\/pages\/1612\/revisions\/1615"}],"wp:attachment":[{"href":"https:\/\/sirenenbau-fischer.de\/en\/wp-json\/wp\/v2\/media?parent=1612"}],"curies":[{"name":"wp","href":"https:\/\/api.w.org\/{rel}","templated":true}]}}